{"id":11,"date":"2024-05-09T14:48:38","date_gmt":"2024-05-09T14:48:38","guid":{"rendered":"https:\/\/tierraverdecr.com\/?page_id=11"},"modified":"2026-03-23T21:03:14","modified_gmt":"2026-03-23T21:03:14","slug":"empresa","status":"publish","type":"page","link":"https:\/\/tierraverdecr.com\/index.php\/empresa\/","title":{"rendered":"Empresa"},"content":{"rendered":"<p>Somos una empresa l\u00edder en la producci\u00f3n y comercializaci\u00f3n de ra\u00edces y tub\u00e9rculos desde el a\u00f1o 2007, ofrecemos: \u00f1ame fresco, eddoes, yampi, yuca, tiquisque lila, tiquisque blanco, malanga lila, malanga blanca, camote, entre otros productos agr\u00edcolas: papaya fresca, coco verde, ca\u00f1a de az\u00facar, pl\u00e1tano verde, coco.<\/p>\n<p>Nuestros productores y clientes son entes generadores de cambio, donde las buenas pr\u00e1cticas productivas, precios justos y responsabilidad ambiental no ser\u00e1n acciones aisladas, sino un conjunto dehechos que tienen efectos positivos sobre la calidad de vida de todos ellos.<\/p>\n<p>Nuestro compromiso siempre ser\u00e1 un camino constante, en busca de productos que mejoren las condiciones de vida de nuestros productores y la implementaci\u00f3n de pr\u00e1cticas de producci\u00f3n sostenible,<br \/>\nque ayudan a preservar el patrimonio ambiental y cultural del futuro generaciones.<\/p>\n<p>Contamos con la infraestructura, maquinaria, equipos, flotilla de transporte y personal capacitado para resolver en tiempo real y apropiado sus pedidos.<\/p>\n<p>A continuaci\u00f3n presentamos algunos de nuestros productos. Esperamos servirle pronto.<\/p>\n<div id='gallery-1' class='gallery galleryid-11 gallery-columns-4 gallery-size-thumbnail'><figure class='gallery-item'>\n\t\t\t<div class='gallery-icon landscape'>\n\t\t\t\t<a href='https:\/\/tierraverdecr.com\/wp-content\/uploads\/2026\/03\/tierra-verde-costa-RICA-1-1.jpg'><img loading=\"lazy\" decoding=\"async\" width=\"150\" height=\"150\" src=\"https:\/\/tierraverdecr.com\/wp-content\/uploads\/2026\/03\/tierra-verde-costa-RICA-1-1-150x150.jpg\" class=\"attachment-thumbnail size-thumbnail\" alt=\"\" \/><\/a>\n\t\t\t<\/div><\/figure><figure class='gallery-item'>\n\t\t\t<div class='gallery-icon landscape'>\n\t\t\t\t<a href='https:\/\/tierraverdecr.com\/wp-content\/uploads\/2026\/03\/tierra-verde-costa-RICA-2-1.jpg'><img loading=\"lazy\" decoding=\"async\" width=\"150\" height=\"150\" src=\"https:\/\/tierraverdecr.com\/wp-content\/uploads\/2026\/03\/tierra-verde-costa-RICA-2-1-150x150.jpg\" class=\"attachment-thumbnail size-thumbnail\" alt=\"\" \/><\/a>\n\t\t\t<\/div><\/figure><figure class='gallery-item'>\n\t\t\t<div class='gallery-icon landscape'>\n\t\t\t\t<a href='https:\/\/tierraverdecr.com\/wp-content\/uploads\/2026\/03\/tierra-verde-costa-RICA-3.jpg'><img loading=\"lazy\" decoding=\"async\" width=\"150\" height=\"150\" src=\"https:\/\/tierraverdecr.com\/wp-content\/uploads\/2026\/03\/tierra-verde-costa-RICA-3-150x150.jpg\" class=\"attachment-thumbnail size-thumbnail\" alt=\"\" \/><\/a>\n\t\t\t<\/div><\/figure><figure class='gallery-item'>\n\t\t\t<div class='gallery-icon landscape'>\n\t\t\t\t<a href='https:\/\/tierraverdecr.com\/wp-content\/uploads\/2026\/03\/tierra-verde-costa-RICA-4.jpg'><img loading=\"lazy\" decoding=\"async\" width=\"150\" height=\"150\" src=\"https:\/\/tierraverdecr.com\/wp-content\/uploads\/2026\/03\/tierra-verde-costa-RICA-4-150x150.jpg\" class=\"attachment-thumbnail size-thumbnail\" alt=\"\" \/><\/a>\n\t\t\t<\/div><\/figure><figure class='gallery-item'>\n\t\t\t<div class='gallery-icon landscape'>\n\t\t\t\t<a href='https:\/\/tierraverdecr.com\/wp-content\/uploads\/2026\/03\/tierra-verde-costa-RICA-5.jpg'><img loading=\"lazy\" decoding=\"async\" width=\"150\" height=\"150\" src=\"https:\/\/tierraverdecr.com\/wp-content\/uploads\/2026\/03\/tierra-verde-costa-RICA-5-150x150.jpg\" class=\"attachment-thumbnail size-thumbnail\" alt=\"\" \/><\/a>\n\t\t\t<\/div><\/figure><figure class='gallery-item'>\n\t\t\t<div class='gallery-icon landscape'>\n\t\t\t\t<a href='https:\/\/tierraverdecr.com\/wp-content\/uploads\/2026\/03\/tierra-verde-costa-RICA-6.jpg'><img loading=\"lazy\" decoding=\"async\" width=\"150\" height=\"150\" src=\"https:\/\/tierraverdecr.com\/wp-content\/uploads\/2026\/03\/tierra-verde-costa-RICA-6-150x150.jpg\" class=\"attachment-thumbnail size-thumbnail\" alt=\"\" \/><\/a>\n\t\t\t<\/div><\/figure><figure class='gallery-item'>\n\t\t\t<div class='gallery-icon landscape'>\n\t\t\t\t<a href='https:\/\/tierraverdecr.com\/wp-content\/uploads\/2026\/03\/tierra-verde-costa-RICA-7.jpg'><img loading=\"lazy\" decoding=\"async\" width=\"150\" height=\"150\" src=\"https:\/\/tierraverdecr.com\/wp-content\/uploads\/2026\/03\/tierra-verde-costa-RICA-7-150x150.jpg\" class=\"attachment-thumbnail size-thumbnail\" alt=\"\" \/><\/a>\n\t\t\t<\/div><\/figure><figure class='gallery-item'>\n\t\t\t<div class='gallery-icon landscape'>\n\t\t\t\t<a href='https:\/\/tierraverdecr.com\/wp-content\/uploads\/2026\/03\/productos-de-tierra-verde-6.jpg'><img loading=\"lazy\" decoding=\"async\" width=\"150\" height=\"150\" src=\"https:\/\/tierraverdecr.com\/wp-content\/uploads\/2026\/03\/productos-de-tierra-verde-6-150x150.jpg\" class=\"attachment-thumbnail size-thumbnail\" alt=\"\" \/><\/a>\n\t\t\t<\/div><\/figure>\n\t\t<\/div>\n\n","protected":false},"excerpt":{"rendered":"<p>Somos una empresa l\u00edder en la producci\u00f3n y comercializaci\u00f3n de ra\u00edces y tub\u00e9rculos desde el a\u00f1o 2007, ofrecemos: \u00f1ame fresco, eddoes, yampi, yuca, tiquisque lila, tiquisque blanco, malanga lila, malanga blanca, camote, entre otros productos agr\u00edcolas: papaya fresca, coco verde,&hellip;<\/p>\n","protected":false},"author":1,"featured_media":0,"parent":0,"menu_order":0,"comment_status":"closed","ping_status":"closed","template":"fullwidth-page.php","meta":{"footnotes":""},"class_list":["post-11","page","type-page","status-publish","hentry"],"_links":{"self":[{"href":"https:\/\/tierraverdecr.com\/index.php\/wp-json\/wp\/v2\/pages\/11","targetHints":{"allow":["GET"]}}],"collection":[{"href":"https:\/\/tierraverdecr.com\/index.php\/wp-json\/wp\/v2\/pages"}],"about":[{"href":"https:\/\/tierraverdecr.com\/index.php\/wp-json\/wp\/v2\/types\/page"}],"author":[{"embeddable":true,"href":"https:\/\/tierraverdecr.com\/index.php\/wp-json\/wp\/v2\/users\/1"}],"replies":[{"embeddable":true,"href":"https:\/\/tierraverdecr.com\/index.php\/wp-json\/wp\/v2\/comments?post=11"}],"version-history":[{"count":6,"href":"https:\/\/tierraverdecr.com\/index.php\/wp-json\/wp\/v2\/pages\/11\/revisions"}],"predecessor-version":[{"id":169,"href":"https:\/\/tierraverdecr.com\/index.php\/wp-json\/wp\/v2\/pages\/11\/revisions\/169"}],"wp:attachment":[{"href":"https:\/\/tierraverdecr.com\/index.php\/wp-json\/wp\/v2\/media?parent=11"}],"curies":[{"name":"wp","href":"https:\/\/api.w.org\/{rel}","templated":true}]}}