{"id":13,"date":"2024-05-09T14:48:47","date_gmt":"2024-05-09T14:48:47","guid":{"rendered":"https:\/\/tierraverdecr.com\/?page_id=13"},"modified":"2026-03-23T21:24:31","modified_gmt":"2026-03-23T21:24:31","slug":"servicios","status":"publish","type":"page","link":"https:\/\/tierraverdecr.com\/index.php\/servicios\/","title":{"rendered":"Nuestros productos"},"content":{"rendered":"<p>Ofrecemos una amplia variedad de ra\u00edces y tub\u00e9rculos de alta calidad, ideales para exportaci\u00f3n. Productos frescos, seleccionados y listos para cumplir con los m\u00e1s altos est\u00e1ndares internacionales.<\/p>\n<p>(RAICES Y TUBERCULOS)<br \/>\nYAMPEE<br \/>\nEDDOS<br \/>\nYAM<br \/>\nLILLE TIQUISQUE<br \/>\nCASSAVA \u2013 YUCA FRESCA<br \/>\nLILLE MALANGA<br \/>\nPumpkin (calabaza)<br \/>\nSugarcane (Ca\u00f1a de Az\u00facar)<br \/>\nFRESH PAPAYA<br \/>\nGINGER<br \/>\nSWEET POTATO<\/p>\n<p>&nbsp;<\/p>\n<div id='gallery-1' class='gallery galleryid-13 gallery-columns-4 gallery-size-thumbnail'><figure class='gallery-item'>\n\t\t\t<div class='gallery-icon landscape'>\n\t\t\t\t<a href='https:\/\/tierraverdecr.com\/wp-content\/uploads\/2026\/03\/productos-de-tierra-verde-2.jpg'><img loading=\"lazy\" decoding=\"async\" width=\"150\" height=\"150\" src=\"https:\/\/tierraverdecr.com\/wp-content\/uploads\/2026\/03\/productos-de-tierra-verde-2-150x150.jpg\" class=\"attachment-thumbnail size-thumbnail\" alt=\"\" \/><\/a>\n\t\t\t<\/div><\/figure><figure class='gallery-item'>\n\t\t\t<div class='gallery-icon landscape'>\n\t\t\t\t<a href='https:\/\/tierraverdecr.com\/wp-content\/uploads\/2026\/03\/productos-de-tierra-verde-3.jpg'><img loading=\"lazy\" decoding=\"async\" width=\"150\" height=\"150\" src=\"https:\/\/tierraverdecr.com\/wp-content\/uploads\/2026\/03\/productos-de-tierra-verde-3-150x150.jpg\" class=\"attachment-thumbnail size-thumbnail\" alt=\"\" \/><\/a>\n\t\t\t<\/div><\/figure><figure class='gallery-item'>\n\t\t\t<div class='gallery-icon landscape'>\n\t\t\t\t<a href='https:\/\/tierraverdecr.com\/wp-content\/uploads\/2026\/03\/productos-de-tierra-verde-4.jpg'><img loading=\"lazy\" decoding=\"async\" width=\"150\" height=\"150\" src=\"https:\/\/tierraverdecr.com\/wp-content\/uploads\/2026\/03\/productos-de-tierra-verde-4-150x150.jpg\" class=\"attachment-thumbnail size-thumbnail\" alt=\"\" \/><\/a>\n\t\t\t<\/div><\/figure><figure class='gallery-item'>\n\t\t\t<div class='gallery-icon landscape'>\n\t\t\t\t<a href='https:\/\/tierraverdecr.com\/wp-content\/uploads\/2026\/03\/productos-de-tierra-verde-5.jpg'><img loading=\"lazy\" decoding=\"async\" width=\"150\" height=\"150\" src=\"https:\/\/tierraverdecr.com\/wp-content\/uploads\/2026\/03\/productos-de-tierra-verde-5-150x150.jpg\" class=\"attachment-thumbnail size-thumbnail\" alt=\"\" \/><\/a>\n\t\t\t<\/div><\/figure><figure class='gallery-item'>\n\t\t\t<div class='gallery-icon landscape'>\n\t\t\t\t<a href='https:\/\/tierraverdecr.com\/wp-content\/uploads\/2026\/03\/productos-de-tierra-verde-6.jpg'><img loading=\"lazy\" decoding=\"async\" width=\"150\" height=\"150\" src=\"https:\/\/tierraverdecr.com\/wp-content\/uploads\/2026\/03\/productos-de-tierra-verde-6-150x150.jpg\" class=\"attachment-thumbnail size-thumbnail\" alt=\"\" \/><\/a>\n\t\t\t<\/div><\/figure><figure class='gallery-item'>\n\t\t\t<div class='gallery-icon landscape'>\n\t\t\t\t<a href='https:\/\/tierraverdecr.com\/wp-content\/uploads\/2026\/03\/productos-de-tierra-verde-7.jpg'><img loading=\"lazy\" decoding=\"async\" width=\"150\" height=\"150\" src=\"https:\/\/tierraverdecr.com\/wp-content\/uploads\/2026\/03\/productos-de-tierra-verde-7-150x150.jpg\" class=\"attachment-thumbnail size-thumbnail\" alt=\"\" \/><\/a>\n\t\t\t<\/div><\/figure><figure class='gallery-item'>\n\t\t\t<div class='gallery-icon landscape'>\n\t\t\t\t<a href='https:\/\/tierraverdecr.com\/wp-content\/uploads\/2026\/03\/productos-de-tierra-verde-8.jpg'><img loading=\"lazy\" decoding=\"async\" width=\"150\" height=\"150\" src=\"https:\/\/tierraverdecr.com\/wp-content\/uploads\/2026\/03\/productos-de-tierra-verde-8-150x150.jpg\" class=\"attachment-thumbnail size-thumbnail\" alt=\"\" \/><\/a>\n\t\t\t<\/div><\/figure><figure class='gallery-item'>\n\t\t\t<div class='gallery-icon landscape'>\n\t\t\t\t<a href='https:\/\/tierraverdecr.com\/wp-content\/uploads\/2026\/03\/productos-de-tierra-verde-9.jpg'><img loading=\"lazy\" decoding=\"async\" width=\"150\" height=\"150\" src=\"https:\/\/tierraverdecr.com\/wp-content\/uploads\/2026\/03\/productos-de-tierra-verde-9-150x150.jpg\" class=\"attachment-thumbnail size-thumbnail\" alt=\"\" \/><\/a>\n\t\t\t<\/div><\/figure><figure class='gallery-item'>\n\t\t\t<div class='gallery-icon landscape'>\n\t\t\t\t<a href='https:\/\/tierraverdecr.com\/wp-content\/uploads\/2026\/03\/productos-de-tierra-verde-10.jpg'><img loading=\"lazy\" decoding=\"async\" width=\"150\" height=\"150\" src=\"https:\/\/tierraverdecr.com\/wp-content\/uploads\/2026\/03\/productos-de-tierra-verde-10-150x150.jpg\" class=\"attachment-thumbnail size-thumbnail\" alt=\"\" \/><\/a>\n\t\t\t<\/div><\/figure><figure class='gallery-item'>\n\t\t\t<div class='gallery-icon portrait'>\n\t\t\t\t<a href='https:\/\/tierraverdecr.com\/wp-content\/uploads\/2026\/03\/tierra-verde-costa-rica-1-2.jpg'><img loading=\"lazy\" decoding=\"async\" width=\"150\" height=\"150\" src=\"https:\/\/tierraverdecr.com\/wp-content\/uploads\/2026\/03\/tierra-verde-costa-rica-1-2-150x150.jpg\" class=\"attachment-thumbnail size-thumbnail\" alt=\"\" \/><\/a>\n\t\t\t<\/div><\/figure><figure class='gallery-item'>\n\t\t\t<div class='gallery-icon portrait'>\n\t\t\t\t<a href='https:\/\/tierraverdecr.com\/wp-content\/uploads\/2026\/03\/tierra-verde-costa-rica-2-2.jpg'><img loading=\"lazy\" decoding=\"async\" width=\"150\" height=\"150\" src=\"https:\/\/tierraverdecr.com\/wp-content\/uploads\/2026\/03\/tierra-verde-costa-rica-2-2-150x150.jpg\" class=\"attachment-thumbnail size-thumbnail\" alt=\"\" \/><\/a>\n\t\t\t<\/div><\/figure><figure class='gallery-item'>\n\t\t\t<div class='gallery-icon portrait'>\n\t\t\t\t<a href='https:\/\/tierraverdecr.com\/wp-content\/uploads\/2026\/03\/tierra-verde-costa-rica-4-1.jpg'><img loading=\"lazy\" decoding=\"async\" width=\"150\" height=\"150\" src=\"https:\/\/tierraverdecr.com\/wp-content\/uploads\/2026\/03\/tierra-verde-costa-rica-4-1-150x150.jpg\" class=\"attachment-thumbnail size-thumbnail\" alt=\"\" \/><\/a>\n\t\t\t<\/div><\/figure><figure class='gallery-item'>\n\t\t\t<div class='gallery-icon portrait'>\n\t\t\t\t<a href='https:\/\/tierraverdecr.com\/wp-content\/uploads\/2026\/03\/tierra-verde-costa-rica-5-1.jpg'><img loading=\"lazy\" decoding=\"async\" width=\"150\" height=\"150\" src=\"https:\/\/tierraverdecr.com\/wp-content\/uploads\/2026\/03\/tierra-verde-costa-rica-5-1-150x150.jpg\" class=\"attachment-thumbnail size-thumbnail\" alt=\"\" \/><\/a>\n\t\t\t<\/div><\/figure><figure class='gallery-item'>\n\t\t\t<div class='gallery-icon portrait'>\n\t\t\t\t<a href='https:\/\/tierraverdecr.com\/wp-content\/uploads\/2026\/03\/tierra-verde-costa-rica-6-1.jpg'><img loading=\"lazy\" decoding=\"async\" width=\"150\" height=\"150\" src=\"https:\/\/tierraverdecr.com\/wp-content\/uploads\/2026\/03\/tierra-verde-costa-rica-6-1-150x150.jpg\" class=\"attachment-thumbnail size-thumbnail\" alt=\"\" \/><\/a>\n\t\t\t<\/div><\/figure><figure class='gallery-item'>\n\t\t\t<div class='gallery-icon portrait'>\n\t\t\t\t<a href='https:\/\/tierraverdecr.com\/wp-content\/uploads\/2026\/03\/tierra-verde-costa-rica-7-1.jpg'><img loading=\"lazy\" decoding=\"async\" width=\"150\" height=\"150\" src=\"https:\/\/tierraverdecr.com\/wp-content\/uploads\/2026\/03\/tierra-verde-costa-rica-7-1-150x150.jpg\" class=\"attachment-thumbnail size-thumbnail\" alt=\"\" \/><\/a>\n\t\t\t<\/div><\/figure><figure class='gallery-item'>\n\t\t\t<div class='gallery-icon portrait'>\n\t\t\t\t<a href='https:\/\/tierraverdecr.com\/wp-content\/uploads\/2026\/03\/tierra-verde-costa-rica-8.jpg'><img loading=\"lazy\" decoding=\"async\" width=\"150\" height=\"150\" src=\"https:\/\/tierraverdecr.com\/wp-content\/uploads\/2026\/03\/tierra-verde-costa-rica-8-150x150.jpg\" class=\"attachment-thumbnail size-thumbnail\" alt=\"\" \/><\/a>\n\t\t\t<\/div><\/figure><figure class='gallery-item'>\n\t\t\t<div class='gallery-icon portrait'>\n\t\t\t\t<a href='https:\/\/tierraverdecr.com\/wp-content\/uploads\/2026\/03\/Yampee-papilla.jpg'><img loading=\"lazy\" decoding=\"async\" width=\"150\" height=\"150\" src=\"https:\/\/tierraverdecr.com\/wp-content\/uploads\/2026\/03\/Yampee-papilla-150x150.jpg\" class=\"attachment-thumbnail size-thumbnail\" alt=\"\" \/><\/a>\n\t\t\t<\/div><\/figure><figure class='gallery-item'>\n\t\t\t<div class='gallery-icon landscape'>\n\t\t\t\t<a href='https:\/\/tierraverdecr.com\/wp-content\/uploads\/2026\/03\/Yuca-fresca-en-campo.jpg'><img loading=\"lazy\" decoding=\"async\" width=\"150\" height=\"150\" src=\"https:\/\/tierraverdecr.com\/wp-content\/uploads\/2026\/03\/Yuca-fresca-en-campo-150x150.jpg\" class=\"attachment-thumbnail size-thumbnail\" alt=\"\" \/><\/a>\n\t\t\t<\/div><\/figure><figure class='gallery-item'>\n\t\t\t<div class='gallery-icon landscape'>\n\t\t\t\t<a href='https:\/\/tierraverdecr.com\/wp-content\/uploads\/2026\/03\/malanga.jpg'><img loading=\"lazy\" decoding=\"async\" width=\"150\" height=\"150\" src=\"https:\/\/tierraverdecr.com\/wp-content\/uploads\/2026\/03\/malanga-150x150.jpg\" class=\"attachment-thumbnail size-thumbnail\" alt=\"\" \/><\/a>\n\t\t\t<\/div><\/figure>\n\t\t<\/div>\n\n","protected":false},"excerpt":{"rendered":"<p>Ofrecemos una amplia variedad de ra\u00edces y tub\u00e9rculos de alta calidad, ideales para exportaci\u00f3n. Productos frescos, seleccionados y listos para cumplir con los m\u00e1s altos est\u00e1ndares internacionales. (RAICES Y TUBERCULOS) YAMPEE EDDOS YAM LILLE TIQUISQUE CASSAVA \u2013 YUCA FRESCA LILLE&hellip;<\/p>\n","protected":false},"author":1,"featured_media":0,"parent":0,"menu_order":0,"comment_status":"closed","ping_status":"closed","template":"fullwidth-page.php","meta":{"footnotes":""},"class_list":["post-13","page","type-page","status-publish","hentry"],"_links":{"self":[{"href":"https:\/\/tierraverdecr.com\/index.php\/wp-json\/wp\/v2\/pages\/13","targetHints":{"allow":["GET"]}}],"collection":[{"href":"https:\/\/tierraverdecr.com\/index.php\/wp-json\/wp\/v2\/pages"}],"about":[{"href":"https:\/\/tierraverdecr.com\/index.php\/wp-json\/wp\/v2\/types\/page"}],"author":[{"embeddable":true,"href":"https:\/\/tierraverdecr.com\/index.php\/wp-json\/wp\/v2\/users\/1"}],"replies":[{"embeddable":true,"href":"https:\/\/tierraverdecr.com\/index.php\/wp-json\/wp\/v2\/comments?post=13"}],"version-history":[{"count":7,"href":"https:\/\/tierraverdecr.com\/index.php\/wp-json\/wp\/v2\/pages\/13\/revisions"}],"predecessor-version":[{"id":178,"href":"https:\/\/tierraverdecr.com\/index.php\/wp-json\/wp\/v2\/pages\/13\/revisions\/178"}],"wp:attachment":[{"href":"https:\/\/tierraverdecr.com\/index.php\/wp-json\/wp\/v2\/media?parent=13"}],"curies":[{"name":"wp","href":"https:\/\/api.w.org\/{rel}","templated":true}]}}